{"id":91,"date":"2017-04-15T17:10:28","date_gmt":"2017-04-15T17:10:28","guid":{"rendered":"http:\/\/xn--naturtextilien-ldchen-l2b.de\/?page_id=91"},"modified":"2017-05-01T10:44:45","modified_gmt":"2017-05-01T10:44:45","slug":"anfahrt","status":"publish","type":"page","link":"https:\/\/xn--naturtextilien-ldchen-l2b.de\/?page_id=91","title":{"rendered":"Anfahrt"},"content":{"rendered":"<h1>Anfahrt<\/h1>\n<p>Naturtextilien-L\u00e4dchen<\/p>\n<p>Im Johanneshaus<br \/>\nAm Eichhof 20<br \/>\n75223 Niefern-\u00d6schelbronn<\/p>\n<p>Tipp: Das Naturtextilien-L\u00e4dchen finden Sie in den R\u00e4umlichkeiten des Johanneshauses. Gehen Sie durch den Haupteingang und biegen Sie rechts in die Ladenstra\u00dfe. Ich freue mich auf Ihren Besuch.<\/p>\n<p><img loading=\"lazy\" decoding=\"async\" class=\"alignnone wp-image-98 size-full\" src=\"https:\/\/xn--naturtextilien-ldchen-l2b.de\/wp-content\/uploads\/2017\/04\/anfahrt.png\" alt=\"\" width=\"1085\" height=\"638\" srcset=\"https:\/\/xn--naturtextilien-ldchen-l2b.de\/wp-content\/uploads\/2017\/04\/anfahrt.png 1085w, https:\/\/xn--naturtextilien-ldchen-l2b.de\/wp-content\/uploads\/2017\/04\/anfahrt-300x176.png 300w, https:\/\/xn--naturtextilien-ldchen-l2b.de\/wp-content\/uploads\/2017\/04\/anfahrt-768x452.png 768w, https:\/\/xn--naturtextilien-ldchen-l2b.de\/wp-content\/uploads\/2017\/04\/anfahrt-1024x602.png 1024w\" sizes=\"auto, (max-width: 767px) 89vw, (max-width: 1000px) 54vw, (max-width: 1071px) 543px, 580px\" \/><\/p>\n<p>&nbsp;<\/p>\n","protected":false},"excerpt":{"rendered":"<p>Anfahrt Naturtextilien-L\u00e4dchen Im Johanneshaus Am Eichhof 20 75223 Niefern-\u00d6schelbronn Tipp: Das Naturtextilien-L\u00e4dchen finden Sie in den R\u00e4umlichkeiten des Johanneshauses. Gehen Sie durch den Haupteingang und biegen Sie rechts in die Ladenstra\u00dfe. Ich freue mich auf Ihren Besuch. &nbsp;<\/p>\n","protected":false},"author":1,"featured_media":0,"parent":0,"menu_order":0,"comment_status":"closed","ping_status":"closed","template":"","meta":{"footnotes":""},"class_list":["post-91","page","type-page","status-publish","hentry"],"_links":{"self":[{"href":"https:\/\/xn--naturtextilien-ldchen-l2b.de\/index.php?rest_route=\/wp\/v2\/pages\/91","targetHints":{"allow":["GET"]}}],"collection":[{"href":"https:\/\/xn--naturtextilien-ldchen-l2b.de\/index.php?rest_route=\/wp\/v2\/pages"}],"about":[{"href":"https:\/\/xn--naturtextilien-ldchen-l2b.de\/index.php?rest_route=\/wp\/v2\/types\/page"}],"author":[{"embeddable":true,"href":"https:\/\/xn--naturtextilien-ldchen-l2b.de\/index.php?rest_route=\/wp\/v2\/users\/1"}],"replies":[{"embeddable":true,"href":"https:\/\/xn--naturtextilien-ldchen-l2b.de\/index.php?rest_route=%2Fwp%2Fv2%2Fcomments&post=91"}],"version-history":[{"count":6,"href":"https:\/\/xn--naturtextilien-ldchen-l2b.de\/index.php?rest_route=\/wp\/v2\/pages\/91\/revisions"}],"predecessor-version":[{"id":152,"href":"https:\/\/xn--naturtextilien-ldchen-l2b.de\/index.php?rest_route=\/wp\/v2\/pages\/91\/revisions\/152"}],"wp:attachment":[{"href":"https:\/\/xn--naturtextilien-ldchen-l2b.de\/index.php?rest_route=%2Fwp%2Fv2%2Fmedia&parent=91"}],"curies":[{"name":"wp","href":"https:\/\/api.w.org\/{rel}","templated":true}]}}